{"id":3,"date":"2020-12-30T20:29:25","date_gmt":"2020-12-30T19:29:25","guid":{"rendered":"https:\/\/mamarent.com\/?page_id=3"},"modified":"2022-09-13T20:09:19","modified_gmt":"2022-09-13T18:09:19","slug":"privacy-policy","status":"publish","type":"page","link":"https:\/\/mamarent.com\/en\/privacy-policy\/","title":{"rendered":"Privacy policy"},"content":{"rendered":"<div data-elementor-type=\"wp-page\" data-elementor-id=\"3\" class=\"elementor elementor-3\" data-elementor-post-type=\"page\">\n\t\t\t\t\t\t<section class=\"elementor-section elementor-top-section elementor-element elementor-element-69e82aa elementor-section-boxed elementor-section-height-default elementor-section-height-default\" data-id=\"69e82aa\" data-element_type=\"section\" data-e-type=\"section\">\n\t\t\t\t\t\t<div class=\"elementor-container elementor-column-gap-default\">\n\t\t\t\t\t<div class=\"elementor-column elementor-col-100 elementor-top-column elementor-element elementor-element-38e8cb6\" data-id=\"38e8cb6\" data-element_type=\"column\" data-e-type=\"column\">\n\t\t\t<div class=\"elementor-widget-wrap elementor-element-populated\">\n\t\t\t\t\t\t<div class=\"elementor-element elementor-element-9d6e5b9 elementor-widget elementor-widget-heading\" data-id=\"9d6e5b9\" data-element_type=\"widget\" data-e-type=\"widget\" data-widget_type=\"heading.default\">\n\t\t\t\t<div class=\"elementor-widget-container\">\n\t\t\t\t\t<h1 class=\"elementor-heading-title elementor-size-default\">Privacy policy<\/h1>\t\t\t\t<\/div>\n\t\t\t\t<\/div>\n\t\t\t\t\t<\/div>\n\t\t<\/div>\n\t\t\t\t\t<\/div>\n\t\t<\/section>\n\t\t\t\t<section class=\"elementor-section elementor-top-section elementor-element elementor-element-4d9b91 elementor-section-boxed elementor-section-height-default elementor-section-height-default\" data-id=\"4d9b91\" data-element_type=\"section\" data-e-type=\"section\">\n\t\t\t\t\t\t<div class=\"elementor-container elementor-column-gap-default\">\n\t\t\t\t\t<div class=\"elementor-column elementor-col-100 elementor-top-column elementor-element elementor-element-5c8b1f6c\" data-id=\"5c8b1f6c\" data-element_type=\"column\" data-e-type=\"column\">\n\t\t\t<div class=\"elementor-widget-wrap elementor-element-populated\">\n\t\t\t\t\t\t<div class=\"elementor-element elementor-element-38409a00 elementor-widget elementor-widget-text-editor\" data-id=\"38409a00\" data-element_type=\"widget\" data-e-type=\"widget\" data-widget_type=\"text-editor.default\">\n\t\t\t\t<div class=\"elementor-widget-container\">\n\t\t\t\t\t\t\t\t\t\n<h2 class=\"wp-block-heading\">Informativa Privacy<\/h2>\n<p>In questa pagina trover\u00e0 le informazioni relative alle modalit\u00e0 di gestione dei suoi dati personali raccolti attraverso il nostro sito. Forniamo questa informativa non solo per adempiere agli obblighi in materia di protezione dei dati personali previsti dal Regolamento (UE) n. 2016\/679 (\u201c<strong>GDPR<\/strong>\u201d) e dal Dlgs. n. 196\/2003 e successive modifiche (o \u201cCodice Privacy\u201d), ma anche perch\u00e9 crediamo che la tutela dei dati personali sia un valore fondamentale della nostra attivit\u00e0 di impresa e vogliamo fornirti ogni informazione che possa aiutarti a tutelare la tua privacy e a controllare l\u2019utilizzo che viene fatto dei tuoi dati in relazione all\u2019esperienza di navigazione sul nostro sito. Le informazioni sulla privacy che seguono sono rese solo per questo sito e non anche per altri siti web eventualmente consultati dall\u2019Interessato tramite link che appaiono sul sito. MamaRent non controlla i siti web di terze parti, si consiglia pertanto di prendere visione delle normative sulla privacy pubblicate su tali siti al fine di comprenderne le procedure di raccolta, trattamento e divulgazione dei dati personali. Al fine di questo documento si specifica che per Interessato si intende il soggetto persona fisica i cui dati vengono raccolti tramite questo sito nelle modalit\u00e0 e tempistiche sotto specificate.<\/p>\n<h2><a name=\"_Toc52378067\"><\/a>Titolare del trattamento dei dati<\/h2>\n<p>Il Titolare del trattamento dati raccolti tramite questo sito web \u00e8 MamaRent con sede legale in via Malpaga 181, 30034 Mira (VE):.<\/p>\n<h2>Quali dati vengono raccolti<\/h2>\n<p><strong>Dati di Navigazione:<\/strong><\/p>\n<p style=\"padding-left: 40px;\">Durante la connessione dell\u2019Interessato al sito i sistemi informatici acquisiscono i seguenti dati:<\/p>\n<ul>\n<li style=\"list-style-type: none;\">\n<ul>\n<li style=\"list-style-type: none;\">\n<ul>\n<li>Indirizzi IP (Internet Protocol) o nomi di dominio dei computer utilizzati per accedere al sito web<\/li>\n<li>Indirizzi URI (Uniform Resource Identifier) \u200b\u200bdelle risorse richieste<\/li>\n<li>l&#8217;ora della richiesta e il metodo utilizzato per inviare la richiesta al server<\/li>\n<li>la dimensione del file ottenuto in risposta<\/li>\n<li>il codice numerico che mostra lo stato della risposta data dal server (OK, errore, ecc.)<\/li>\n<li>altri parametri relativi al sistema operativo e al dispositivo dell&#8217;Interessato<\/li>\n<\/ul>\n<\/li>\n<\/ul>\n<\/li>\n<\/ul>\n<p><strong>Dati Personali:<\/strong><\/p>\n<ul>\n<li style=\"list-style-type: none;\">\n<ul>\n<li style=\"list-style-type: none;\">\n<ul>Attraverso la compilazione appositi moduli presenti sul sito, il Titolare raccoglie i seguenti dati personali:\n<li style=\"list-style-type: none;\">\n<ul>\n<li>dati di contatto inclusi a titolo esemplificativo nome, cognome, e-mail, numero di telefono, indirizzo di fatturazione e di spedizione;<\/li>\n<li>informazioni di accesso e di account, inclusi password e ID univoco collegato all\u2019Interessato;<\/li>\n<li>informazioni sulle modalit\u00e0 di pagamento o sulla carta di credito.<\/li>\n<\/ul>\n<\/li>\n<\/ul>\n<\/li>\n<\/ul>\n<p>Nel caso in cui l&#8217;Interessato richieda l&#8217;accesso ad uno dei servizi offerti ed erogati tramite il sito https:\/\/mamarent.com, il Titolare raccoglie anche i seguenti dati dell\u2019Interessato:<\/p>\n<ul>\n<li style=\"list-style-type: none;\">\n<ul>\n<li style=\"list-style-type: none;\">\n<ul>\n<li>dati relativi alle caratteristiche fisiche, tra cui peso, altezza e misure;<\/li>\n<li>dati relativi all\u2019attivit\u00e0 fisica effettuata dall\u2019Interessato in base alle dichiarazioni dell\u2019Interessato stesso;<\/li>\n<li>dati relativi al suo stato di salute come ad esempio esami del sangue e abitudini alimentari;<\/li>\n<li>dati relativi alle abitudini alimentari dell\u2019interessato e abitudini generali giornaliere (se \u00e8 fumatore, ecc);<\/li>\n<\/ul>\n<\/li>\n<\/ul>\n<\/li>\n<\/ul>\n<p>L\u2019Interessato si assume la responsabilit\u00e0 dei dati personali di terzi trasmessi, pubblicati o condivisi mediante questo sito e garantisce di avere il diritto di comunicarli o diffonderli, liberando il Titolare da qualsiasi responsabilit\u00e0 verso terzi.<\/p>\n<\/li>\n<\/ul>\n<h2><a name=\"_Toc52378069\"><\/a>Quando vengono raccolti dati<\/h2>\n<ul>\n<li style=\"list-style-type: none;\">\n<ul>I dati dell\u2019Interessato vengono raccolti nelle seguenti modalit\u00e0:\n<li style=\"list-style-type: none;\">\n<ul>\n<li><strong>Durante la navigazione sul sito<\/strong> https:\/\/mamarent.com. Questi dati sono raccolti automaticamente durante la navigazione sul sito tramite Cookie o altri strumenti di tracciamento al fine di migliorare la navigazione sul sito e di fornire i servizi richiesto dall\u2019Interessato, oltre alle ulteriori finalit\u00e0 descritte nella <strong>Cookie Policy<\/strong>, a cui si rinvia per un approfondimento sulle modalit\u00e0 di funzionamento.<\/li>\n<li><strong>Tramite la compilazione volontaria<\/strong> da parte dell\u2019Interessato di appositi moduli presenti nel sito stesso.<\/li>\n<\/ul>\n<\/li>\n<\/ul>\n<\/li>\n<\/ul>\n<h2><a name=\"_Toc52378070\"><\/a>Finalit\u00e0 del trattamento dei dati raccolti<\/h2>\n<ul>\n<li style=\"list-style-type: none;\">\n<ul>I dati dell\u2019Interessato sono raccolti, conservati e trattati per consentire al Titolare di stipulare con l\u2019Interessato contratti di vendita e\/o fornitura via web e conseguentemente di fornire i servizi e\/o beni richiesti. La mancata comunicazione di questi dati non consentir\u00e0 al Titolare di fornire le informazioni o i servizi richiesti (spedizione di ordini, dettagli di pagamento, predisposizione di un piano di allenamento ecc..).<\/ul>\n<\/li>\n<\/ul>\n<h2><a name=\"_Toc52378071\"><\/a>Modalit\u00e0 e luogo del trattamento dei Dati raccolti<\/h2>\n<ul>\n<li style=\"list-style-type: none;\">\n<ul>\n<li style=\"list-style-type: none;\">\n<ul>\n<li style=\"list-style-type: none;\">\n<ol>\n<li><strong>Modalit\u00e0 di trattamento<\/strong><\/li>\n<\/ol>\n<\/li>\n<\/ul>\n<\/li>\n<\/ul>\n<p>Il Titolare tratta i dati raccolti tramite il sito in conformit\u00e0 alle disposizioni del Regolamento GDPR e del Codice Privacy, adottando le opportune misure di sicurezza volte ad impedire l\u2019accesso, la divulgazione, l\u2019alterazione o la distruzione non autorizzate dei dati. Le misure di sicurezza sono riesaminate periodicamente e aggiornate per mantenerle sempre al passo con i progressi tecnologici.<\/p>\n<ul>\n<li style=\"list-style-type: none;\">\n<ul>\n<li style=\"list-style-type: none;\">\n<ol>\n<li><strong>Luogo<\/strong><\/li>\n<\/ol>\n<\/li>\n<\/ul>\n<\/li>\n<\/ul>\n<p>I dati sono conservati su server che operano e hanno sede all\u2019interno del territorio italiano.<\/p>\n<\/li>\n<\/ul>\n<p><span style=\"font-size: 15px; color: var( --e-global-color-text ); font-family: var( --e-global-typography-text-font-family ), Sans-serif; background-color: transparent;\"> Il Titolare garantisce che i dati dell\u2019Interessato non verranno trasferiti verso entit\u00e0 con sede al di fuori del territorio dell\u2019Unione Europa.<\/span><\/p>\n<ul>\n<li style=\"list-style-type: none;\">\n<ul>\n<li style=\"list-style-type: none;\">\n<ul>\n<li style=\"list-style-type: none;\">\n<ol>\n<li><strong>Periodo di conservazione<\/strong><\/li>\n<\/ol>\n<\/li>\n<\/ul>\n<\/li>\n<\/ul>\n<p>I dati sono trattati e conservati per il tempo richiesto dalle finalit\u00e0 per le quali sono stati raccolti. Pertanto:<\/p>\n<ul>\n<li style=\"list-style-type: none;\">\n<ul>\n<li style=\"list-style-type: none;\">\n<ul>\n<li>I dati raccolti per scopi collegati all\u2019esecuzione di un contratto tra il Titolare e l\u2019Interessato saranno trattenuti sino a quando sia completata l\u2019esecuzione di tale contratto e comunque fino a che siano esauriti i termini di conservazione stabiliti da leggi fiscali e civilistiche<\/li>\n<li>Quando il trattamento sia basato sul consenso dell\u2019Interessato, il Titolare pu\u00f2 conservare i dati sino a quando detto consenso non venga revocato.<\/li>\n<\/ul>\n<\/li>\n<\/ul>\n<\/li>\n<\/ul>\n<p>Sono fatti salvi eventuali maggiori termini di conservazione dei dati in ottemperanza ad obblighi di legge o per ordine di un\u2019autorit\u00e0. Al termine del periodo di conservazione, i dati personali saranno cancellati. Pertanto, allo spirare di tale termine i diritti di accesso, cancellazione, rettificazione e alla portabilit\u00e0 dei dati non potranno pi\u00f9 essere esercitati.<\/p>\n<\/li>\n<\/ul>\n<h2><a name=\"_Toc52378072\"><\/a>Diritti dell\u2019Interessato<\/h2>\n<ul>\n<li style=\"list-style-type: none;\">\n<ul>L\u2019Interessato ha diritto di:\n<li style=\"list-style-type: none;\">\n<ul>\n<li><strong>Accedere ai propri dati, <\/strong>cio\u00e8 ottenere informazioni sui dati trattati dal Titolare, sulle finalit\u00e0 e modalit\u00e0 del trattamento, sui soggetti a cui sono stati comunicati e ricevere una copia dei dati trattati in formato strutturato, di uso comune e leggibile (diritto alla portabilit\u00e0 dei dati);<\/li>\n<li><strong>Chiedere la correzione, l\u2019aggiornamento e l\u2019integrazione <\/strong>dei dati forniti ove ne dimostri l\u2019interesse;<\/li>\n<li><strong>Revocare il consenso ed ottenere la cancellazione dei propri dati personali.<\/strong> La revoca avr\u00e0 effetto per il futuro e il trattamento dei dati effettuato fino a quel momento sulla base di un valido consenso, rester\u00e0 lecito e corretto. La cancellazione non trova applicazione nel caso in cui il Titolare sia tenuto a conservare i dati per ottemperare ad obblighi di legge;<\/li>\n<li><strong>Opporsi o ottenere restrizioni al trattamento dei propri dati<\/strong> limitando il proprio consenso all\u2019uso verso determinate finalit\u00e0;<\/li>\n<li><strong>Proporre reclamo. <\/strong>L\u2019Interessato pu\u00f2 proporre un reclamo all\u2019autorit\u00e0 italiana per la protezione dei dati, il Garante per la Privacy.<\/li>\n<\/ul>\n<\/li>\n<\/ul>\n<\/li>\n<\/ul>\n<h2><a name=\"_Toc52378073\"><\/a>Aggiornamento della privacy policy<\/h2>\n<ul>\n<li style=\"list-style-type: none;\">\n<ul>Il Titolare del Trattamento si riserva il diritto di apportare modifiche alla presente privacy policy sia sulla base di eventuali modifiche alla legge applicabile che alle pratiche interne all\u2019attivit\u00e0 del Titolare. Se la privacy policy dovesse subire degli aggiornamenti il Titolare ne dar\u00e0 notizia agli Interessati su questa pagina nonch\u00e9, qualora tecnicamente e legalmente fattibile, inviando una notifica agli stessi attraverso uno degli estremi di contatto di cui \u00e8 in possesso il Titolare. Si prega dunque di consultare regolarmente questa pagina, facendo riferimento alla data di ultimo aggiornamento. Qualora le modifiche interessino trattamenti la cui base giuridica \u00e8 il consenso, il Titolare provveder\u00e0 a raccogliere nuovamente il consenso dell\u2019Interessato, se necessario. Ultimo aggiornamento: 3 2020<\/ul>\n<\/li>\n<\/ul>\n<h2>Contacts<\/h2>\n<ul>L\u2019Interessato pu\u00f2 ottenere dal Titolare la conferma che sia o meno in corso un trattamento dei loro dati ed esercitare i diritti previsti dagli articoli 15 e seguenti del GDPR, in maniera agevole e gratuita rivolgendosi al Titolare all\u2019indirizzo mail info@mamarent.com.<\/ul>\n<p>Questo sito \u00e8 protetto da reCAPTCHA, il suo utilizzo \u00e8 soggetto alla\u00a0<a href=\"https:\/\/policies.google.com\/privacy\" target=\"_blank\" rel=\"nofollow noopener\">Privacy Policy<\/a> e ai\u00a0<a href=\"https:\/\/policies.google.com\/terms\" target=\"_blank\" rel=\"nofollow noopener\">  termini di utilizzo di Google.<\/a>\t\t\t\t\t\t\t\t<\/div>\n\t\t\t\t<\/div>\n\t\t\t\t\t<\/div>\n\t\t<\/div>\n\t\t\t\t\t<\/div>\n\t\t<\/section>\n\t\t\t\t<\/div>","protected":false},"excerpt":{"rendered":"<p>Informativa Privacy In questa pagina trover\u00e0 le informazioni relative alle modalit\u00e0 di gestione dei suoi dati personali raccolti attraverso il nostro sito. Forniamo questa informativa non solo per adempiere agli obblighi in materia di protezione dei dati personali previsti dal Regolamento (UE) n. 2016\/679 (\u201cGDPR\u201d) e dal Dlgs. n. 196\/2003 e successive modifiche (o \u201cCodice [&hellip;]<\/p>\n","protected":false},"author":5,"featured_media":0,"parent":0,"menu_order":0,"comment_status":"closed","ping_status":"open","template":"","meta":{"ocean_post_layout":"","ocean_both_sidebars_style":"","ocean_both_sidebars_content_width":0,"ocean_both_sidebars_sidebars_width":0,"ocean_sidebar":"0","ocean_second_sidebar":"0","ocean_disable_margins":"enable","ocean_add_body_class":"","ocean_shortcode_before_top_bar":"","ocean_shortcode_after_top_bar":"","ocean_shortcode_before_header":"","ocean_shortcode_after_header":"","ocean_has_shortcode":"","ocean_shortcode_after_title":"","ocean_shortcode_before_footer_widgets":"","ocean_shortcode_after_footer_widgets":"","ocean_shortcode_before_footer_bottom":"","ocean_shortcode_after_footer_bottom":"","ocean_display_top_bar":"default","ocean_display_header":"default","ocean_header_style":"","ocean_center_header_left_menu":"0","ocean_custom_header_template":"0","ocean_custom_logo":0,"ocean_custom_retina_logo":0,"ocean_custom_logo_max_width":0,"ocean_custom_logo_tablet_max_width":0,"ocean_custom_logo_mobile_max_width":0,"ocean_custom_logo_max_height":0,"ocean_custom_logo_tablet_max_height":0,"ocean_custom_logo_mobile_max_height":0,"ocean_header_custom_menu":"0","ocean_menu_typo_font_family":"0","ocean_menu_typo_font_subset":"","ocean_menu_typo_font_size":0,"ocean_menu_typo_font_size_tablet":0,"ocean_menu_typo_font_size_mobile":0,"ocean_menu_typo_font_size_unit":"px","ocean_menu_typo_font_weight":"","ocean_menu_typo_font_weight_tablet":"","ocean_menu_typo_font_weight_mobile":"","ocean_menu_typo_transform":"","ocean_menu_typo_transform_tablet":"","ocean_menu_typo_transform_mobile":"","ocean_menu_typo_line_height":0,"ocean_menu_typo_line_height_tablet":0,"ocean_menu_typo_line_height_mobile":0,"ocean_menu_typo_line_height_unit":"","ocean_menu_typo_spacing":0,"ocean_menu_typo_spacing_tablet":0,"ocean_menu_typo_spacing_mobile":0,"ocean_menu_typo_spacing_unit":"","ocean_menu_link_color":"","ocean_menu_link_color_hover":"","ocean_menu_link_color_active":"","ocean_menu_link_background":"","ocean_menu_link_hover_background":"","ocean_menu_link_active_background":"","ocean_menu_social_links_bg":"","ocean_menu_social_hover_links_bg":"","ocean_menu_social_links_color":"","ocean_menu_social_hover_links_color":"","ocean_disable_title":"default","ocean_disable_heading":"default","ocean_post_title":"","ocean_post_subheading":"","ocean_post_title_style":"","ocean_post_title_background_color":"","ocean_post_title_background":0,"ocean_post_title_bg_image_position":"","ocean_post_title_bg_image_attachment":"","ocean_post_title_bg_image_repeat":"","ocean_post_title_bg_image_size":"","ocean_post_title_height":0,"ocean_post_title_bg_overlay":0.5,"ocean_post_title_bg_overlay_color":"","ocean_disable_breadcrumbs":"default","ocean_breadcrumbs_color":"","ocean_breadcrumbs_separator_color":"","ocean_breadcrumbs_links_color":"","ocean_breadcrumbs_links_hover_color":"","ocean_display_footer_widgets":"default","ocean_display_footer_bottom":"default","ocean_custom_footer_template":"0","footnotes":""},"class_list":["post-3","page","type-page","status-publish","hentry","entry"],"_links":{"self":[{"href":"https:\/\/mamarent.com\/en\/wp-json\/wp\/v2\/pages\/3","targetHints":{"allow":["GET"]}}],"collection":[{"href":"https:\/\/mamarent.com\/en\/wp-json\/wp\/v2\/pages"}],"about":[{"href":"https:\/\/mamarent.com\/en\/wp-json\/wp\/v2\/types\/page"}],"author":[{"embeddable":true,"href":"https:\/\/mamarent.com\/en\/wp-json\/wp\/v2\/users\/5"}],"replies":[{"embeddable":true,"href":"https:\/\/mamarent.com\/en\/wp-json\/wp\/v2\/comments?post=3"}],"version-history":[{"count":0,"href":"https:\/\/mamarent.com\/en\/wp-json\/wp\/v2\/pages\/3\/revisions"}],"wp:attachment":[{"href":"https:\/\/mamarent.com\/en\/wp-json\/wp\/v2\/media?parent=3"}],"curies":[{"name":"wp","href":"https:\/\/api.w.org\/{rel}","templated":true}]}}